{"id":13,"date":"2025-11-26T23:59:14","date_gmt":"2025-11-27T05:59:14","guid":{"rendered":"https:\/\/bareltenampa.directorio-comercial.com\/?page_id=13"},"modified":"2025-12-04T01:49:13","modified_gmt":"2025-12-04T07:49:13","slug":"inicio","status":"publish","type":"page","link":"https:\/\/bareltenampa.directorio-comercial.com\/","title":{"rendered":"Inicio"},"content":{"rendered":"\n<div class=\"wp-block-columns is-layout-flex wp-container-core-columns-is-layout-28f84493 wp-block-columns-is-layout-flex\">\n<div class=\"wp-block-column is-layout-flow wp-block-column-is-layout-flow\" style=\"flex-basis:2%\"><\/div>\n\n\n\n<div class=\"wp-block-column is-layout-flow wp-block-column-is-layout-flow\" style=\"flex-basis:96%\">\n<div class=\"wp-block-group is-content-justification-center is-nowrap is-layout-flex wp-container-core-group-is-layout-23441af8 wp-block-group-is-layout-flex\">\n<img loading=\"lazy\" decoding=\"async\" width=\"1319\" height=\"847\" data-media-id=\"25\" class=\"gb-media-568b4387\" alt=\"\" src=\"https:\/\/bareltenampa.directorio-comercial.com\/wp-content\/uploads\/2025\/11\/poster.png\" srcset=\"https:\/\/bareltenampa.directorio-comercial.com\/wp-content\/uploads\/2025\/11\/poster.png 1319w, https:\/\/bareltenampa.directorio-comercial.com\/wp-content\/uploads\/2025\/11\/poster-300x193.png 300w, https:\/\/bareltenampa.directorio-comercial.com\/wp-content\/uploads\/2025\/11\/poster-1024x658.png 1024w, https:\/\/bareltenampa.directorio-comercial.com\/wp-content\/uploads\/2025\/11\/poster-768x493.png 768w\" sizes=\"auto, (max-width: 1319px) 100vw, 1319px\" \/>\n<\/div>\n<\/div>\n\n\n\n<div class=\"wp-block-column is-layout-flow wp-block-column-is-layout-flow\" style=\"flex-basis:2%\"><\/div>\n<\/div>\n\n\n\n<div class=\"wp-block-group has-global-padding is-layout-constrained wp-block-group-is-layout-constrained\">\n<div class=\"wp-block-group is-vertical is-content-justification-center is-layout-flex wp-container-core-group-is-layout-ce155fab wp-block-group-is-layout-flex\">\n<h2 class=\"wp-block-heading has-text-align-center\">Conoce un poco de nosotros<\/h2>\n\n\n\n<p class=\"gb-text gb-text-e1585cdb\">Sum\u00e9rgete en la experiencia vibrante del Bar El Tenampa, un punto de encuentro imprescindible en el municipio de Pabell\u00f3n de Arteaga, Aguascalientes. Disfruta de su selecci\u00f3n de bebidas, su pista de baile y la buena vibra que caracteriza cada visita \u00a1te espera una noche llena de energ\u00eda y autenticidad!<\/p>\n\n\n\n\n\n\n\n\n<\/div>\n<\/div>\n\n\n\n<p><\/p>\n","protected":false},"excerpt":{"rendered":"<p>Conoce un poco de nosotros Sum\u00e9rgete en la experiencia vibrante del Bar El Tenampa, un punto de encuentro imprescindible en el municipio de Pabell\u00f3n de Arteaga, Aguascalientes. Disfruta de su selecci\u00f3n de bebidas, su pista de baile y la buena vibra que caracteriza cada visita \u00a1te espera una noche llena de energ\u00eda y autenticidad!<\/p>\n","protected":false},"author":1,"featured_media":0,"parent":0,"menu_order":0,"comment_status":"closed","ping_status":"closed","template":"page-no-title","meta":{"_acf_changed":false,"footnotes":""},"class_list":["post-13","page","type-page","status-publish","hentry"],"acf":[],"_links":{"self":[{"href":"https:\/\/bareltenampa.directorio-comercial.com\/index.php?rest_route=\/wp\/v2\/pages\/13","targetHints":{"allow":["GET"]}}],"collection":[{"href":"https:\/\/bareltenampa.directorio-comercial.com\/index.php?rest_route=\/wp\/v2\/pages"}],"about":[{"href":"https:\/\/bareltenampa.directorio-comercial.com\/index.php?rest_route=\/wp\/v2\/types\/page"}],"author":[{"embeddable":true,"href":"https:\/\/bareltenampa.directorio-comercial.com\/index.php?rest_route=\/wp\/v2\/users\/1"}],"replies":[{"embeddable":true,"href":"https:\/\/bareltenampa.directorio-comercial.com\/index.php?rest_route=%2Fwp%2Fv2%2Fcomments&post=13"}],"version-history":[{"count":5,"href":"https:\/\/bareltenampa.directorio-comercial.com\/index.php?rest_route=\/wp\/v2\/pages\/13\/revisions"}],"predecessor-version":[{"id":38,"href":"https:\/\/bareltenampa.directorio-comercial.com\/index.php?rest_route=\/wp\/v2\/pages\/13\/revisions\/38"}],"wp:attachment":[{"href":"https:\/\/bareltenampa.directorio-comercial.com\/index.php?rest_route=%2Fwp%2Fv2%2Fmedia&parent=13"}],"curies":[{"name":"wp","href":"https:\/\/api.w.org\/{rel}","templated":true}]}}